{"id":426,"date":"2024-12-30T15:21:41","date_gmt":"2024-12-30T15:21:41","guid":{"rendered":"https:\/\/churrosmanolo.com.ar\/?page_id=426"},"modified":"2025-01-16T22:39:14","modified_gmt":"2025-01-16T22:39:14","slug":"terminos-y-condiciones","status":"publish","type":"page","link":"https:\/\/churrosmanolo.com.ar\/test\/terminos-y-condiciones\/","title":{"rendered":"T\u00e9rminos y condiciones"},"content":{"rendered":"\t\t<div data-elementor-type=\"wp-page\" data-elementor-id=\"426\" class=\"elementor elementor-426\" data-elementor-post-type=\"page\">\n\t\t\t\t<div class=\"elementor-element elementor-element-270a31b e-flex e-con-boxed e-con e-parent\" data-id=\"270a31b\" data-element_type=\"container\" data-e-type=\"container\" data-settings=\"{&quot;background_background&quot;:&quot;classic&quot;}\">\n\t\t\t\t\t<div class=\"e-con-inner\">\n\t\t\t\t<div class=\"elementor-element elementor-element-22d762a elementor-widget elementor-widget-heading\" data-id=\"22d762a\" data-element_type=\"widget\" data-e-type=\"widget\" data-widget_type=\"heading.default\">\n\t\t\t\t<div class=\"elementor-widget-container\">\n\t\t\t\t\t<h3 class=\"elementor-heading-title elementor-size-default\">T\u00e9rminos y condiciones<\/h3>\t\t\t\t<\/div>\n\t\t\t\t<\/div>\n\t\t\t\t<div class=\"elementor-element elementor-element-00fe91e elementor-widget elementor-widget-heading\" data-id=\"00fe91e\" data-element_type=\"widget\" data-e-type=\"widget\" data-widget_type=\"heading.default\">\n\t\t\t\t<div class=\"elementor-widget-container\">\n\t\t\t\t\t<h6 class=\"elementor-heading-title elementor-size-default\">Bienvenido a Churros Manolo. Al acceder y utilizar este sitio web, aceptas los siguientes t\u00e9rminos y condiciones. Si no est\u00e1s de acuerdo con alguno de ellos, por favor, no utilices este sitio.<\/h6>\t\t\t\t<\/div>\n\t\t\t\t<\/div>\n\t\t\t\t<div class=\"elementor-element elementor-element-bdda7ef elementor-widget elementor-widget-spacer\" data-id=\"bdda7ef\" data-element_type=\"widget\" data-e-type=\"widget\" data-widget_type=\"spacer.default\">\n\t\t\t\t<div class=\"elementor-widget-container\">\n\t\t\t\t\t\t\t<div class=\"elementor-spacer\">\n\t\t\t<div class=\"elementor-spacer-inner\"><\/div>\n\t\t<\/div>\n\t\t\t\t\t\t<\/div>\n\t\t\t\t<\/div>\n\t\t\t\t<div class=\"elementor-element elementor-element-89486ad elementor-widget elementor-widget-heading\" data-id=\"89486ad\" data-element_type=\"widget\" data-e-type=\"widget\" data-widget_type=\"heading.default\">\n\t\t\t\t<div class=\"elementor-widget-container\">\n\t\t\t\t\t<h5 class=\"elementor-heading-title elementor-size-default\">INFORMACI\u00d3N GENERAL<\/h5>\t\t\t\t<\/div>\n\t\t\t\t<\/div>\n\t\t\t\t<div class=\"elementor-element elementor-element-510bcc8 elementor-widget elementor-widget-text-editor\" data-id=\"510bcc8\" data-element_type=\"widget\" data-e-type=\"widget\" data-widget_type=\"text-editor.default\">\n\t\t\t\t<div class=\"elementor-widget-container\">\n\t\t\t\t\t\t\t\t\t<p>Este sitio web tiene como prop\u00f3sito brindar informaci\u00f3n sobre Churros Manolo, (en adelante, \u00abel Restaurante\u00bb). Al acceder a este sitio web, aceptas los t\u00e9rminos y condiciones detallados a continuaci\u00f3n. Por favor, lee detenidamente este documento antes de utilizar el sitio. Si no est\u00e1s de acuerdo con alguno de estos t\u00e9rminos, te pedimos que te abstengas de usar este portal.\u00a0<\/p>\t\t\t\t\t\t\t\t<\/div>\n\t\t\t\t<\/div>\n\t\t\t\t<div class=\"elementor-element elementor-element-da3076e elementor-widget elementor-widget-heading\" data-id=\"da3076e\" data-element_type=\"widget\" data-e-type=\"widget\" data-widget_type=\"heading.default\">\n\t\t\t\t<div class=\"elementor-widget-container\">\n\t\t\t\t\t<h5 class=\"elementor-heading-title elementor-size-default\">PROP\u00d3SITO DE LA WEB<\/h5>\t\t\t\t<\/div>\n\t\t\t\t<\/div>\n\t\t\t\t<div class=\"elementor-element elementor-element-119671e elementor-widget elementor-widget-text-editor\" data-id=\"119671e\" data-element_type=\"widget\" data-e-type=\"widget\" data-widget_type=\"text-editor.default\">\n\t\t\t\t<div class=\"elementor-widget-container\">\n\t\t\t\t\t\t\t\t\t<p>Este sitio web tiene como \u00fanico prop\u00f3sito proporcionar informaci\u00f3n sobre los productos y servicios ofrecidos por el Restaurante, incluyendo un cat\u00e1logo actualizado del men\u00fa, descripciones de los platos y precios orientativos. Este sitio no admite pedidos en l\u00ednea, transacciones comerciales, ni gestiona reservas o compras.\u00a0El men\u00fa publicado en este sitio incluye descripciones de los platos, ingredientes principales y precios.\u00a0Actualizaci\u00f3n de precios: Los precios est\u00e1n sujetos a cambios sin previo aviso debido a fluctuaciones en los costos de insumos u otros factores.Disponibilidad:Algunos platos o productos podr\u00edan no estar disponibles en determinadas ocasiones. Recomendamos contactar al Restaurante para confirmar disponibilidad y precios antes de visitarnos.\u00a0Errores y omisiones: Aunque hacemos esfuerzos razonables para garantizar la exactitud de la informaci\u00f3n, podr\u00edan existir errores tipogr\u00e1ficos, imprecisiones u omisiones en los datos proporcionados.<\/p>\t\t\t\t\t\t\t\t<\/div>\n\t\t\t\t<\/div>\n\t\t\t\t<div class=\"elementor-element elementor-element-d7965ac elementor-widget elementor-widget-heading\" data-id=\"d7965ac\" data-element_type=\"widget\" data-e-type=\"widget\" data-widget_type=\"heading.default\">\n\t\t\t\t<div class=\"elementor-widget-container\">\n\t\t\t\t\t<h5 class=\"elementor-heading-title elementor-size-default\">Propiedad Intelectual\n<\/h5>\t\t\t\t<\/div>\n\t\t\t\t<\/div>\n\t\t\t\t<div class=\"elementor-element elementor-element-8a8baaa elementor-widget elementor-widget-text-editor\" data-id=\"8a8baaa\" data-element_type=\"widget\" data-e-type=\"widget\" data-widget_type=\"text-editor.default\">\n\t\t\t\t<div class=\"elementor-widget-container\">\n\t\t\t\t\t\t\t\t\t<p>Todo el contenido disponible en este sitio web, incluyendo pero no limitado a textos, im\u00e1genes, gr\u00e1ficos, logotipos, videos, y dise\u00f1os, es propiedad exclusiva de Manolo o de sus licenciantes, y est\u00e1 protegido por las leyes de derechos de autor y propiedad intelectual vigentes. Queda prohibida la reproducci\u00f3n, distribuci\u00f3n, modificaci\u00f3n o cualquier otro uso del contenido sin el consentimiento previo por escrito de Manolo.<\/p>\t\t\t\t\t\t\t\t<\/div>\n\t\t\t\t<\/div>\n\t\t\t\t<div class=\"elementor-element elementor-element-a12359e elementor-widget elementor-widget-heading\" data-id=\"a12359e\" data-element_type=\"widget\" data-e-type=\"widget\" data-widget_type=\"heading.default\">\n\t\t\t\t<div class=\"elementor-widget-container\">\n\t\t\t\t\t<h5 class=\"elementor-heading-title elementor-size-default\">Im\u00e1genes Ilustrativas\n<\/h5>\t\t\t\t<\/div>\n\t\t\t\t<\/div>\n\t\t\t\t<div class=\"elementor-element elementor-element-0784871 elementor-widget elementor-widget-text-editor\" data-id=\"0784871\" data-element_type=\"widget\" data-e-type=\"widget\" data-widget_type=\"text-editor.default\">\n\t\t\t\t<div class=\"elementor-widget-container\">\n\t\t\t\t\t\t\t\t\t<p>Las im\u00e1genes mostradas en este sitio web son de referencia a modo ilustrativo. Pueden no representar con exactitud el producto final o el servicio brindado. Nos reservamos el derecho de modificar la presentaci\u00f3n de los productos sin previo aviso.<\/p>\t\t\t\t\t\t\t\t<\/div>\n\t\t\t\t<\/div>\n\t\t\t\t<div class=\"elementor-element elementor-element-7ba3d2d elementor-widget elementor-widget-heading\" data-id=\"7ba3d2d\" data-element_type=\"widget\" data-e-type=\"widget\" data-widget_type=\"heading.default\">\n\t\t\t\t<div class=\"elementor-widget-container\">\n\t\t\t\t\t<h5 class=\"elementor-heading-title elementor-size-default\">Enlaces a Terceros<\/h5>\t\t\t\t<\/div>\n\t\t\t\t<\/div>\n\t\t\t\t<div class=\"elementor-element elementor-element-37b71da elementor-widget elementor-widget-text-editor\" data-id=\"37b71da\" data-element_type=\"widget\" data-e-type=\"widget\" data-widget_type=\"text-editor.default\">\n\t\t\t\t<div class=\"elementor-widget-container\">\n\t\t\t\t\t\t\t\t\t<p>Este sitio web podr\u00eda contener enlaces a sitios de terceros como servicios de mapas, redes sociales u otros recursos. Estos enlaces son proporcionados para la conveniencia del usuario y no implican aprobaci\u00f3n ni control sobre el contenido de dichos sitios. El Restaurante no se responsabiliza por las pol\u00edticas de privacidad, t\u00e9rminos de uso ni pr\u00e1cticas de esos terceros.<\/p>\t\t\t\t\t\t\t\t<\/div>\n\t\t\t\t<\/div>\n\t\t\t\t<div class=\"elementor-element elementor-element-b2f16bb elementor-widget-divider--view-line elementor-widget elementor-widget-divider\" data-id=\"b2f16bb\" data-element_type=\"widget\" data-e-type=\"widget\" data-widget_type=\"divider.default\">\n\t\t\t\t<div class=\"elementor-widget-container\">\n\t\t\t\t\t\t\t<div class=\"elementor-divider\">\n\t\t\t<span class=\"elementor-divider-separator\">\n\t\t\t\t\t\t<\/span>\n\t\t<\/div>\n\t\t\t\t\t\t<\/div>\n\t\t\t\t<\/div>\n\t\t\t\t<div class=\"elementor-element elementor-element-695f5b8 elementor-widget elementor-widget-text-editor\" data-id=\"695f5b8\" data-element_type=\"widget\" data-e-type=\"widget\" data-widget_type=\"text-editor.default\">\n\t\t\t\t<div class=\"elementor-widget-container\">\n\t\t\t\t\t\t\t\t\t<p>El Restaurante se reserva el derecho de actualizar, modificar o eliminar contenido de este sitio en cualquier momento sin previo aviso. Asimismo, podr\u00e1 realizar cambios en estos T\u00e9rminos y Condiciones seg\u00fan lo considere necesario. Las modificaciones entrar\u00e1n en vigencia a partir de su publicaci\u00f3n en el sitio web.<\/p>\t\t\t\t\t\t\t\t<\/div>\n\t\t\t\t<\/div>\n\t\t\t\t<div class=\"elementor-element elementor-element-7cfa3bc elementor-widget elementor-widget-heading\" data-id=\"7cfa3bc\" data-element_type=\"widget\" data-e-type=\"widget\" data-widget_type=\"heading.default\">\n\t\t\t\t<div class=\"elementor-widget-container\">\n\t\t\t\t\t<h6 class=\"elementor-heading-title elementor-size-default\"><a href=\"https:\/\/www.instagram.com\/churrosmanolo_mardel\" target=\"_blank\">Si tienes preguntas o necesitas m\u00e1s informaci\u00f3n, puedes comunicarte con nosotros a trav\u00e9s de INSTAGRAM @churrosmanolo_mardel<\/a><\/h6>\t\t\t\t<\/div>\n\t\t\t\t<\/div>\n\t\t\t\t\t<\/div>\n\t\t\t\t<\/div>\n\t\t\t\t<\/div>\n\t\t","protected":false},"excerpt":{"rendered":"<p>T\u00e9rminos y condiciones Bienvenido a Churros Manolo. Al acceder y utilizar este sitio web, aceptas los siguientes t\u00e9rminos y condiciones. [&hellip;]<\/p>\n","protected":false},"author":2,"featured_media":0,"parent":0,"menu_order":0,"comment_status":"closed","ping_status":"closed","template":"","meta":{"site-sidebar-layout":"no-sidebar","site-content-layout":"","ast-site-content-layout":"full-width-container","site-content-style":"default","site-sidebar-style":"default","ast-global-header-display":"","ast-banner-title-visibility":"","ast-main-header-display":"","ast-hfb-above-header-display":"","ast-hfb-below-header-display":"","ast-hfb-mobile-header-display":"","site-post-title":"disabled","ast-breadcrumbs-content":"","ast-featured-img":"disabled","footer-sml-layout":"","ast-disable-related-posts":"","theme-transparent-header-meta":"","adv-header-id-meta":"","stick-header-meta":"","header-above-stick-meta":"","header-main-stick-meta":"","header-below-stick-meta":"","astra-migrate-meta-layouts":"default","ast-page-background-enabled":"default","ast-page-background-meta":{"desktop":{"background-color":"var(--ast-global-color-4)","background-image":"","background-repeat":"repeat","background-position":"center center","background-size":"auto","background-attachment":"scroll","background-type":"","background-media":"","overlay-type":"","overlay-color":"","overlay-opacity":"","overlay-gradient":""},"tablet":{"background-color":"","background-image":"","background-repeat":"repeat","background-position":"center center","background-size":"auto","background-attachment":"scroll","background-type":"","background-media":"","overlay-type":"","overlay-color":"","overlay-opacity":"","overlay-gradient":""},"mobile":{"background-color":"","background-image":"","background-repeat":"repeat","background-position":"center center","background-size":"auto","background-attachment":"scroll","background-type":"","background-media":"","overlay-type":"","overlay-color":"","overlay-opacity":"","overlay-gradient":""}},"ast-content-background-meta":{"desktop":{"background-color":"var(--ast-global-color-5)","background-image":"","background-repeat":"repeat","background-position":"center center","background-size":"auto","background-attachment":"scroll","background-type":"","background-media":"","overlay-type":"","overlay-color":"","overlay-opacity":"","overlay-gradient":""},"tablet":{"background-color":"var(--ast-global-color-5)","background-image":"","background-repeat":"repeat","background-position":"center center","background-size":"auto","background-attachment":"scroll","background-type":"","background-media":"","overlay-type":"","overlay-color":"","overlay-opacity":"","overlay-gradient":""},"mobile":{"background-color":"var(--ast-global-color-5)","background-image":"","background-repeat":"repeat","background-position":"center center","background-size":"auto","background-attachment":"scroll","background-type":"","background-media":"","overlay-type":"","overlay-color":"","overlay-opacity":"","overlay-gradient":""}},"footnotes":""},"class_list":["post-426","page","type-page","status-publish","hentry"],"yoast_head":"<!-- This site is optimized with the Yoast SEO plugin v26.9 - https:\/\/yoast.com\/product\/yoast-seo-wordpress\/ -->\n<title>T\u00e9rminos y condiciones - Churros Manolo<\/title>\n<meta name=\"description\" content=\"Bienvenido a Churros Manolo. Al acceder y utilizar este sitio web, aceptas los siguientes t\u00e9rminos y condiciones.\" \/>\n<meta name=\"robots\" content=\"index, follow, max-snippet:-1, max-image-preview:large, max-video-preview:-1\" \/>\n<link rel=\"canonical\" href=\"https:\/\/churrosmanolo.com.ar\/test\/terminos-y-condiciones\/\" \/>\n<meta property=\"og:locale\" content=\"es_ES\" \/>\n<meta property=\"og:type\" content=\"article\" \/>\n<meta property=\"og:title\" content=\"T\u00e9rminos y condiciones - Churros Manolo\" \/>\n<meta property=\"og:description\" content=\"Bienvenido a Churros Manolo. Al acceder y utilizar este sitio web, aceptas los siguientes t\u00e9rminos y condiciones.\" \/>\n<meta property=\"og:url\" content=\"https:\/\/churrosmanolo.com.ar\/test\/terminos-y-condiciones\/\" \/>\n<meta property=\"og:site_name\" content=\"Churros Manolo\" \/>\n<meta property=\"article:publisher\" content=\"https:\/\/www.facebook.com\/ManoloMardelplata\/\" \/>\n<meta property=\"article:modified_time\" content=\"2025-01-16T22:39:14+00:00\" \/>\n<meta property=\"og:image\" content=\"https:\/\/churrosmanolo.com.ar\/test\/wp-content\/uploads\/2024\/12\/Recurso-1.webp\" \/>\n\t<meta property=\"og:image:width\" content=\"501\" \/>\n\t<meta property=\"og:image:height\" content=\"187\" \/>\n\t<meta property=\"og:image:type\" content=\"image\/webp\" \/>\n<meta name=\"twitter:card\" content=\"summary_large_image\" \/>\n<meta name=\"twitter:label1\" content=\"Tiempo de lectura\" \/>\n\t<meta name=\"twitter:data1\" content=\"3 minutos\" \/>\n<script type=\"application\/ld+json\" class=\"yoast-schema-graph\">{\"@context\":\"https:\/\/schema.org\",\"@graph\":[{\"@type\":\"WebPage\",\"@id\":\"https:\/\/churrosmanolo.com.ar\/test\/terminos-y-condiciones\/\",\"url\":\"https:\/\/churrosmanolo.com.ar\/test\/terminos-y-condiciones\/\",\"name\":\"T\u00e9rminos y condiciones - Churros Manolo\",\"isPartOf\":{\"@id\":\"https:\/\/churrosmanolo.com.ar\/test\/#website\"},\"datePublished\":\"2024-12-30T15:21:41+00:00\",\"dateModified\":\"2025-01-16T22:39:14+00:00\",\"description\":\"Bienvenido a Churros Manolo. Al acceder y utilizar este sitio web, aceptas los siguientes t\u00e9rminos y condiciones.\",\"breadcrumb\":{\"@id\":\"https:\/\/churrosmanolo.com.ar\/test\/terminos-y-condiciones\/#breadcrumb\"},\"inLanguage\":\"es\",\"potentialAction\":[{\"@type\":\"ReadAction\",\"target\":[\"https:\/\/churrosmanolo.com.ar\/test\/terminos-y-condiciones\/\"]}]},{\"@type\":\"BreadcrumbList\",\"@id\":\"https:\/\/churrosmanolo.com.ar\/test\/terminos-y-condiciones\/#breadcrumb\",\"itemListElement\":[{\"@type\":\"ListItem\",\"position\":1,\"name\":\"Portada\",\"item\":\"https:\/\/churrosmanolo.com.ar\/test\/\"},{\"@type\":\"ListItem\",\"position\":2,\"name\":\"T\u00e9rminos y condiciones\"}]},{\"@type\":\"WebSite\",\"@id\":\"https:\/\/churrosmanolo.com.ar\/test\/#website\",\"url\":\"https:\/\/churrosmanolo.com.ar\/test\/\",\"name\":\"Churros Manolo\",\"description\":\"Churros Manolo Mar del Plata\",\"publisher\":{\"@id\":\"https:\/\/churrosmanolo.com.ar\/test\/#organization\"},\"alternateName\":\"Manolo\",\"potentialAction\":[{\"@type\":\"SearchAction\",\"target\":{\"@type\":\"EntryPoint\",\"urlTemplate\":\"https:\/\/churrosmanolo.com.ar\/test\/?s={search_term_string}\"},\"query-input\":{\"@type\":\"PropertyValueSpecification\",\"valueRequired\":true,\"valueName\":\"search_term_string\"}}],\"inLanguage\":\"es\"},{\"@type\":\"Organization\",\"@id\":\"https:\/\/churrosmanolo.com.ar\/test\/#organization\",\"name\":\"Churros Manolo\",\"url\":\"https:\/\/churrosmanolo.com.ar\/test\/\",\"logo\":{\"@type\":\"ImageObject\",\"inLanguage\":\"es\",\"@id\":\"https:\/\/churrosmanolo.com.ar\/test\/#\/schema\/logo\/image\/\",\"url\":\"https:\/\/churrosmanolo.com.ar\/test\/wp-content\/uploads\/2024\/12\/Recurso-1.webp\",\"contentUrl\":\"https:\/\/churrosmanolo.com.ar\/test\/wp-content\/uploads\/2024\/12\/Recurso-1.webp\",\"width\":501,\"height\":187,\"caption\":\"Churros Manolo\"},\"image\":{\"@id\":\"https:\/\/churrosmanolo.com.ar\/test\/#\/schema\/logo\/image\/\"},\"sameAs\":[\"https:\/\/www.facebook.com\/ManoloMardelplata\/\",\"https:\/\/www.instagram.com\/churrosmanolo_mardel\/\"]}]}<\/script>\n<!-- \/ Yoast SEO plugin. -->","yoast_head_json":{"title":"T\u00e9rminos y condiciones - Churros Manolo","description":"Bienvenido a Churros Manolo. Al acceder y utilizar este sitio web, aceptas los siguientes t\u00e9rminos y condiciones.","robots":{"index":"index","follow":"follow","max-snippet":"max-snippet:-1","max-image-preview":"max-image-preview:large","max-video-preview":"max-video-preview:-1"},"canonical":"https:\/\/churrosmanolo.com.ar\/test\/terminos-y-condiciones\/","og_locale":"es_ES","og_type":"article","og_title":"T\u00e9rminos y condiciones - Churros Manolo","og_description":"Bienvenido a Churros Manolo. Al acceder y utilizar este sitio web, aceptas los siguientes t\u00e9rminos y condiciones.","og_url":"https:\/\/churrosmanolo.com.ar\/test\/terminos-y-condiciones\/","og_site_name":"Churros Manolo","article_publisher":"https:\/\/www.facebook.com\/ManoloMardelplata\/","article_modified_time":"2025-01-16T22:39:14+00:00","og_image":[{"width":501,"height":187,"url":"https:\/\/churrosmanolo.com.ar\/test\/wp-content\/uploads\/2024\/12\/Recurso-1.webp","type":"image\/webp"}],"twitter_card":"summary_large_image","twitter_misc":{"Tiempo de lectura":"3 minutos"},"schema":{"@context":"https:\/\/schema.org","@graph":[{"@type":"WebPage","@id":"https:\/\/churrosmanolo.com.ar\/test\/terminos-y-condiciones\/","url":"https:\/\/churrosmanolo.com.ar\/test\/terminos-y-condiciones\/","name":"T\u00e9rminos y condiciones - Churros Manolo","isPartOf":{"@id":"https:\/\/churrosmanolo.com.ar\/test\/#website"},"datePublished":"2024-12-30T15:21:41+00:00","dateModified":"2025-01-16T22:39:14+00:00","description":"Bienvenido a Churros Manolo. Al acceder y utilizar este sitio web, aceptas los siguientes t\u00e9rminos y condiciones.","breadcrumb":{"@id":"https:\/\/churrosmanolo.com.ar\/test\/terminos-y-condiciones\/#breadcrumb"},"inLanguage":"es","potentialAction":[{"@type":"ReadAction","target":["https:\/\/churrosmanolo.com.ar\/test\/terminos-y-condiciones\/"]}]},{"@type":"BreadcrumbList","@id":"https:\/\/churrosmanolo.com.ar\/test\/terminos-y-condiciones\/#breadcrumb","itemListElement":[{"@type":"ListItem","position":1,"name":"Portada","item":"https:\/\/churrosmanolo.com.ar\/test\/"},{"@type":"ListItem","position":2,"name":"T\u00e9rminos y condiciones"}]},{"@type":"WebSite","@id":"https:\/\/churrosmanolo.com.ar\/test\/#website","url":"https:\/\/churrosmanolo.com.ar\/test\/","name":"Churros Manolo","description":"Churros Manolo Mar del Plata","publisher":{"@id":"https:\/\/churrosmanolo.com.ar\/test\/#organization"},"alternateName":"Manolo","potentialAction":[{"@type":"SearchAction","target":{"@type":"EntryPoint","urlTemplate":"https:\/\/churrosmanolo.com.ar\/test\/?s={search_term_string}"},"query-input":{"@type":"PropertyValueSpecification","valueRequired":true,"valueName":"search_term_string"}}],"inLanguage":"es"},{"@type":"Organization","@id":"https:\/\/churrosmanolo.com.ar\/test\/#organization","name":"Churros Manolo","url":"https:\/\/churrosmanolo.com.ar\/test\/","logo":{"@type":"ImageObject","inLanguage":"es","@id":"https:\/\/churrosmanolo.com.ar\/test\/#\/schema\/logo\/image\/","url":"https:\/\/churrosmanolo.com.ar\/test\/wp-content\/uploads\/2024\/12\/Recurso-1.webp","contentUrl":"https:\/\/churrosmanolo.com.ar\/test\/wp-content\/uploads\/2024\/12\/Recurso-1.webp","width":501,"height":187,"caption":"Churros Manolo"},"image":{"@id":"https:\/\/churrosmanolo.com.ar\/test\/#\/schema\/logo\/image\/"},"sameAs":["https:\/\/www.facebook.com\/ManoloMardelplata\/","https:\/\/www.instagram.com\/churrosmanolo_mardel\/"]}]}},"_links":{"self":[{"href":"https:\/\/churrosmanolo.com.ar\/test\/wp-json\/wp\/v2\/pages\/426","targetHints":{"allow":["GET"]}}],"collection":[{"href":"https:\/\/churrosmanolo.com.ar\/test\/wp-json\/wp\/v2\/pages"}],"about":[{"href":"https:\/\/churrosmanolo.com.ar\/test\/wp-json\/wp\/v2\/types\/page"}],"author":[{"embeddable":true,"href":"https:\/\/churrosmanolo.com.ar\/test\/wp-json\/wp\/v2\/users\/2"}],"replies":[{"embeddable":true,"href":"https:\/\/churrosmanolo.com.ar\/test\/wp-json\/wp\/v2\/comments?post=426"}],"version-history":[{"count":31,"href":"https:\/\/churrosmanolo.com.ar\/test\/wp-json\/wp\/v2\/pages\/426\/revisions"}],"predecessor-version":[{"id":903,"href":"https:\/\/churrosmanolo.com.ar\/test\/wp-json\/wp\/v2\/pages\/426\/revisions\/903"}],"wp:attachment":[{"href":"https:\/\/churrosmanolo.com.ar\/test\/wp-json\/wp\/v2\/media?parent=426"}],"curies":[{"name":"wp","href":"https:\/\/api.w.org\/{rel}","templated":true}]}}