{"id":191,"date":"2024-12-26T19:18:15","date_gmt":"2024-12-26T19:18:15","guid":{"rendered":"https:\/\/churrosmanolo.com.ar\/?page_id=191"},"modified":"2025-01-16T22:41:00","modified_gmt":"2025-01-16T22:41:00","slug":"cartas","status":"publish","type":"page","link":"https:\/\/churrosmanolo.com.ar\/test\/cartas\/","title":{"rendered":"Cartas"},"content":{"rendered":"\t\t<div data-elementor-type=\"wp-page\" data-elementor-id=\"191\" class=\"elementor elementor-191\" data-elementor-post-type=\"page\">\n\t\t\t\t<div class=\"elementor-element elementor-element-bd1ae67 e-flex e-con-boxed e-con e-parent\" data-id=\"bd1ae67\" data-element_type=\"container\" data-e-type=\"container\">\n\t\t\t\t\t<div class=\"e-con-inner\">\n\t\t\t\t<div class=\"elementor-element elementor-element-0252979 elementor-widget elementor-widget-heading\" data-id=\"0252979\" data-element_type=\"widget\" data-e-type=\"widget\" data-widget_type=\"heading.default\">\n\t\t\t\t<div class=\"elementor-widget-container\">\n\t\t\t\t\t<h4 class=\"elementor-heading-title elementor-size-default\">CARTAS<\/h4>\t\t\t\t<\/div>\n\t\t\t\t<\/div>\n\t\t\t\t<div class=\"elementor-element elementor-element-8fcb27f elementor-widget__width-initial elementor-widget elementor-widget-heading\" data-id=\"8fcb27f\" data-element_type=\"widget\" data-e-type=\"widget\" data-widget_type=\"heading.default\">\n\t\t\t\t<div class=\"elementor-widget-container\">\n\t\t\t\t\t<h2 class=\"elementor-heading-title elementor-size-default\">Eleg\u00ed seg\u00fan tu preferencia y explor\u00e1 el men\u00fa que te espera.<\/h2>\t\t\t\t<\/div>\n\t\t\t\t<\/div>\n\t\t\t\t<div class=\"elementor-element elementor-element-f6a1262 elementor-widget elementor-widget-heading\" data-id=\"f6a1262\" data-element_type=\"widget\" data-e-type=\"widget\" data-widget_type=\"heading.default\">\n\t\t\t\t<div class=\"elementor-widget-container\">\n\t\t\t\t\t<p class=\"elementor-heading-title elementor-size-default\">Disfrut\u00e1 de nuestras opciones con la comodidad y calidad de siempre.<\/p>\t\t\t\t<\/div>\n\t\t\t\t<\/div>\n\t\t\t\t\t<\/div>\n\t\t\t\t<\/div>\n\t\t<div class=\"elementor-element elementor-element-7419d40 e-flex e-con-boxed e-con e-parent\" data-id=\"7419d40\" data-element_type=\"container\" data-e-type=\"container\">\n\t\t\t\t\t<div class=\"e-con-inner\">\n\t\t<div class=\"elementor-element elementor-element-8b944ec e-con-full e-flex e-con e-child\" data-id=\"8b944ec\" data-element_type=\"container\" data-e-type=\"container\" data-settings=\"{&quot;background_background&quot;:&quot;classic&quot;}\">\n\t\t\t\t<div class=\"elementor-element elementor-element-f14930a elementor-widget elementor-widget-heading\" data-id=\"f14930a\" data-element_type=\"widget\" data-e-type=\"widget\" data-widget_type=\"heading.default\">\n\t\t\t\t<div class=\"elementor-widget-container\">\n\t\t\t\t\t<h3 class=\"elementor-heading-title elementor-size-default\">Rest\u00f3s<\/h3>\t\t\t\t<\/div>\n\t\t\t\t<\/div>\n\t\t\t\t<div class=\"elementor-element elementor-element-ed763a6 elementor-widget elementor-widget-heading\" data-id=\"ed763a6\" data-element_type=\"widget\" data-e-type=\"widget\" data-widget_type=\"heading.default\">\n\t\t\t\t<div class=\"elementor-widget-container\">\n\t\t\t\t\t<h3 class=\"elementor-heading-title elementor-size-default\">La Costa, Alem y Centro<\/h3>\t\t\t\t<\/div>\n\t\t\t\t<\/div>\n\t\t\t\t<div class=\"elementor-element elementor-element-6689d84 elementor-widget elementor-widget-text-editor\" data-id=\"6689d84\" data-element_type=\"widget\" data-e-type=\"widget\" data-widget_type=\"text-editor.default\">\n\t\t\t\t<div class=\"elementor-widget-container\">\n\t\t\t\t\t\t\t\t\t<p>En los Rest\u00f3s pod\u00e9s disfrutar de almuerzos y cenas, desayunos y meriendas, postres, pasteler\u00eda artesanal y cafeter\u00eda.<\/p>\t\t\t\t\t\t\t\t<\/div>\n\t\t\t\t<\/div>\n\t\t\t\t<div class=\"elementor-element elementor-element-2ff761d elementor-align-center elementor-invisible elementor-widget elementor-widget-button\" data-id=\"2ff761d\" data-element_type=\"widget\" data-e-type=\"widget\" data-settings=\"{&quot;_animation&quot;:&quot;fadeInUp&quot;,&quot;_animation_delay&quot;:400}\" data-widget_type=\"button.default\">\n\t\t\t\t<div class=\"elementor-widget-container\">\n\t\t\t\t\t\t\t\t\t<div class=\"elementor-button-wrapper\">\n\t\t\t\t\t<a class=\"elementor-button elementor-button-link elementor-size-sm\" href=\"https:\/\/churrosmanolo.com.ar\/test\/cartas\/restos\/\">\n\t\t\t\t\t\t<span class=\"elementor-button-content-wrapper\">\n\t\t\t\t\t\t<span class=\"elementor-button-icon\">\n\t\t\t\t<svg aria-hidden=\"true\" class=\"e-font-icon-svg e-fas-arrow-circle-right\" viewBox=\"0 0 512 512\" xmlns=\"http:\/\/www.w3.org\/2000\/svg\"><path d=\"M256 8c137 0 248 111 248 248S393 504 256 504 8 393 8 256 119 8 256 8zm-28.9 143.6l75.5 72.4H120c-13.3 0-24 10.7-24 24v16c0 13.3 10.7 24 24 24h182.6l-75.5 72.4c-9.7 9.3-9.9 24.8-.4 34.3l11 10.9c9.4 9.4 24.6 9.4 33.9 0L404.3 273c9.4-9.4 9.4-24.6 0-33.9L271.6 106.3c-9.4-9.4-24.6-9.4-33.9 0l-11 10.9c-9.5 9.6-9.3 25.1.4 34.4z\"><\/path><\/svg>\t\t\t<\/span>\n\t\t\t\t\t\t\t\t\t<span class=\"elementor-button-text\">Ver Carta<\/span>\n\t\t\t\t\t<\/span>\n\t\t\t\t\t<\/a>\n\t\t\t\t<\/div>\n\t\t\t\t\t\t\t\t<\/div>\n\t\t\t\t<\/div>\n\t\t\t\t<\/div>\n\t\t<div class=\"elementor-element elementor-element-8880585 e-con-full e-flex e-con e-child\" data-id=\"8880585\" data-element_type=\"container\" data-e-type=\"container\" data-settings=\"{&quot;background_background&quot;:&quot;classic&quot;}\">\n\t\t\t\t<div class=\"elementor-element elementor-element-4cd028f elementor-widget elementor-widget-heading\" data-id=\"4cd028f\" data-element_type=\"widget\" data-e-type=\"widget\" data-widget_type=\"heading.default\">\n\t\t\t\t<div class=\"elementor-widget-container\">\n\t\t\t\t\t<h3 class=\"elementor-heading-title elementor-size-default\">Express<\/h3>\t\t\t\t<\/div>\n\t\t\t\t<\/div>\n\t\t\t\t<div class=\"elementor-element elementor-element-d005c82 elementor-widget elementor-widget-heading\" data-id=\"d005c82\" data-element_type=\"widget\" data-e-type=\"widget\" data-widget_type=\"heading.default\">\n\t\t\t\t<div class=\"elementor-widget-container\">\n\t\t\t\t\t<h3 class=\"elementor-heading-title elementor-size-default\">San Luis<\/h3>\t\t\t\t<\/div>\n\t\t\t\t<\/div>\n\t\t\t\t<div class=\"elementor-element elementor-element-0cbf652 elementor-widget elementor-widget-text-editor\" data-id=\"0cbf652\" data-element_type=\"widget\" data-e-type=\"widget\" data-widget_type=\"text-editor.default\">\n\t\t\t\t<div class=\"elementor-widget-container\">\n\t\t\t\t\t\t\t\t\t<p>En Manolo Express pod\u00e9s desayunar y merendar, adem\u00e1s encontr\u00e1 postres, pasteler\u00eda artesanal y cafeter\u00eda para comprar para llevar!<\/p>\t\t\t\t\t\t\t\t<\/div>\n\t\t\t\t<\/div>\n\t\t\t\t<div class=\"elementor-element elementor-element-6b5eab6 elementor-align-center elementor-invisible elementor-widget elementor-widget-button\" data-id=\"6b5eab6\" data-element_type=\"widget\" data-e-type=\"widget\" data-settings=\"{&quot;_animation&quot;:&quot;fadeInUp&quot;,&quot;_animation_delay&quot;:400}\" data-widget_type=\"button.default\">\n\t\t\t\t<div class=\"elementor-widget-container\">\n\t\t\t\t\t\t\t\t\t<div class=\"elementor-button-wrapper\">\n\t\t\t\t\t<a class=\"elementor-button elementor-button-link elementor-size-sm\" href=\"https:\/\/churrosmanolo.com.ar\/test\/cartas\/express\/\">\n\t\t\t\t\t\t<span class=\"elementor-button-content-wrapper\">\n\t\t\t\t\t\t<span class=\"elementor-button-icon\">\n\t\t\t\t<svg aria-hidden=\"true\" class=\"e-font-icon-svg e-fas-arrow-circle-right\" viewBox=\"0 0 512 512\" xmlns=\"http:\/\/www.w3.org\/2000\/svg\"><path d=\"M256 8c137 0 248 111 248 248S393 504 256 504 8 393 8 256 119 8 256 8zm-28.9 143.6l75.5 72.4H120c-13.3 0-24 10.7-24 24v16c0 13.3 10.7 24 24 24h182.6l-75.5 72.4c-9.7 9.3-9.9 24.8-.4 34.3l11 10.9c9.4 9.4 24.6 9.4 33.9 0L404.3 273c9.4-9.4 9.4-24.6 0-33.9L271.6 106.3c-9.4-9.4-24.6-9.4-33.9 0l-11 10.9c-9.5 9.6-9.3 25.1.4 34.4z\"><\/path><\/svg>\t\t\t<\/span>\n\t\t\t\t\t\t\t\t\t<span class=\"elementor-button-text\">Ver Carta<\/span>\n\t\t\t\t\t<\/span>\n\t\t\t\t\t<\/a>\n\t\t\t\t<\/div>\n\t\t\t\t\t\t\t\t<\/div>\n\t\t\t\t<\/div>\n\t\t\t\t<\/div>\n\t\t<div class=\"elementor-element elementor-element-cddcf2f e-con-full e-flex e-con e-child\" data-id=\"cddcf2f\" data-element_type=\"container\" data-e-type=\"container\" data-settings=\"{&quot;background_background&quot;:&quot;classic&quot;}\">\n\t\t\t\t<div class=\"elementor-element elementor-element-39eb2dc elementor-widget elementor-widget-heading\" data-id=\"39eb2dc\" data-element_type=\"widget\" data-e-type=\"widget\" data-widget_type=\"heading.default\">\n\t\t\t\t<div class=\"elementor-widget-container\">\n\t\t\t\t\t<h3 class=\"elementor-heading-title elementor-size-default\">Para llevar<\/h3>\t\t\t\t<\/div>\n\t\t\t\t<\/div>\n\t\t\t\t<div class=\"elementor-element elementor-element-b251aa8 elementor-widget elementor-widget-heading\" data-id=\"b251aa8\" data-element_type=\"widget\" data-e-type=\"widget\" data-widget_type=\"heading.default\">\n\t\t\t\t<div class=\"elementor-widget-container\">\n\t\t\t\t\t<h3 class=\"elementor-heading-title elementor-size-default\">Tienda<\/h3>\t\t\t\t<\/div>\n\t\t\t\t<\/div>\n\t\t\t\t<div class=\"elementor-element elementor-element-d76ee0b elementor-widget elementor-widget-text-editor\" data-id=\"d76ee0b\" data-element_type=\"widget\" data-e-type=\"widget\" data-widget_type=\"text-editor.default\">\n\t\t\t\t<div class=\"elementor-widget-container\">\n\t\t\t\t\t\t\t\t\t<p>En todas nuestras sucursales vas a encontrar las Tiendas Manolo, donde pod\u00e9s adquirir productos y promociones para llevar como churros, alfajores, conitos y cafeter\u00eda.<\/p>\t\t\t\t\t\t\t\t<\/div>\n\t\t\t\t<\/div>\n\t\t\t\t<div class=\"elementor-element elementor-element-15bc6ee elementor-align-center elementor-invisible elementor-widget elementor-widget-button\" data-id=\"15bc6ee\" data-element_type=\"widget\" data-e-type=\"widget\" data-settings=\"{&quot;_animation&quot;:&quot;fadeInUp&quot;,&quot;_animation_delay&quot;:400}\" data-widget_type=\"button.default\">\n\t\t\t\t<div class=\"elementor-widget-container\">\n\t\t\t\t\t\t\t\t\t<div class=\"elementor-button-wrapper\">\n\t\t\t\t\t<a class=\"elementor-button elementor-button-link elementor-size-sm\" href=\"https:\/\/churrosmanolo.com.ar\/test\/cartas\/tienda\/\">\n\t\t\t\t\t\t<span class=\"elementor-button-content-wrapper\">\n\t\t\t\t\t\t<span class=\"elementor-button-icon\">\n\t\t\t\t<svg aria-hidden=\"true\" class=\"e-font-icon-svg e-fas-arrow-circle-right\" viewBox=\"0 0 512 512\" xmlns=\"http:\/\/www.w3.org\/2000\/svg\"><path d=\"M256 8c137 0 248 111 248 248S393 504 256 504 8 393 8 256 119 8 256 8zm-28.9 143.6l75.5 72.4H120c-13.3 0-24 10.7-24 24v16c0 13.3 10.7 24 24 24h182.6l-75.5 72.4c-9.7 9.3-9.9 24.8-.4 34.3l11 10.9c9.4 9.4 24.6 9.4 33.9 0L404.3 273c9.4-9.4 9.4-24.6 0-33.9L271.6 106.3c-9.4-9.4-24.6-9.4-33.9 0l-11 10.9c-9.5 9.6-9.3 25.1.4 34.4z\"><\/path><\/svg>\t\t\t<\/span>\n\t\t\t\t\t\t\t\t\t<span class=\"elementor-button-text\">Ver Carta<\/span>\n\t\t\t\t\t<\/span>\n\t\t\t\t\t<\/a>\n\t\t\t\t<\/div>\n\t\t\t\t\t\t\t\t<\/div>\n\t\t\t\t<\/div>\n\t\t\t\t<\/div>\n\t\t\t\t\t<\/div>\n\t\t\t\t<\/div>\n\t\t<div class=\"elementor-element elementor-element-58bd7ff e-flex e-con-boxed e-con e-parent\" data-id=\"58bd7ff\" data-element_type=\"container\" data-e-type=\"container\">\n\t\t\t\t\t<div class=\"e-con-inner\">\n\t\t\t\t<div class=\"elementor-element elementor-element-306c355 animated-slow elementor-align-center elementor-invisible elementor-widget elementor-widget-button\" data-id=\"306c355\" data-element_type=\"widget\" data-e-type=\"widget\" data-settings=\"{&quot;_animation&quot;:&quot;fadeInUp&quot;,&quot;_animation_delay&quot;:400}\" data-widget_type=\"button.default\">\n\t\t\t\t<div class=\"elementor-widget-container\">\n\t\t\t\t\t\t\t\t\t<div class=\"elementor-button-wrapper\">\n\t\t\t\t\t<a class=\"elementor-button elementor-button-link elementor-size-sm\" href=\"https:\/\/churrosmanolo.com.ar\/test\/locales\/\">\n\t\t\t\t\t\t<span class=\"elementor-button-content-wrapper\">\n\t\t\t\t\t\t<span class=\"elementor-button-icon\">\n\t\t\t\t<svg aria-hidden=\"true\" class=\"e-font-icon-svg e-fas-arrow-circle-right\" viewBox=\"0 0 512 512\" xmlns=\"http:\/\/www.w3.org\/2000\/svg\"><path d=\"M256 8c137 0 248 111 248 248S393 504 256 504 8 393 8 256 119 8 256 8zm-28.9 143.6l75.5 72.4H120c-13.3 0-24 10.7-24 24v16c0 13.3 10.7 24 24 24h182.6l-75.5 72.4c-9.7 9.3-9.9 24.8-.4 34.3l11 10.9c9.4 9.4 24.6 9.4 33.9 0L404.3 273c9.4-9.4 9.4-24.6 0-33.9L271.6 106.3c-9.4-9.4-24.6-9.4-33.9 0l-11 10.9c-9.5 9.6-9.3 25.1.4 34.4z\"><\/path><\/svg>\t\t\t<\/span>\n\t\t\t\t\t\t\t\t\t<span class=\"elementor-button-text\">Conoc\u00e9 nuestros locales<\/span>\n\t\t\t\t\t<\/span>\n\t\t\t\t\t<\/a>\n\t\t\t\t<\/div>\n\t\t\t\t\t\t\t\t<\/div>\n\t\t\t\t<\/div>\n\t\t\t\t\t<\/div>\n\t\t\t\t<\/div>\n\t\t\t\t<\/div>\n\t\t","protected":false},"excerpt":{"rendered":"<p>CARTAS Eleg\u00ed seg\u00fan tu preferencia y explor\u00e1 el men\u00fa que te espera. Disfrut\u00e1 de nuestras opciones con la comodidad y [&hellip;]<\/p>\n","protected":false},"author":2,"featured_media":0,"parent":0,"menu_order":0,"comment_status":"closed","ping_status":"closed","template":"","meta":{"site-sidebar-layout":"no-sidebar","site-content-layout":"","ast-site-content-layout":"full-width-container","site-content-style":"default","site-sidebar-style":"default","ast-global-header-display":"","ast-banner-title-visibility":"","ast-main-header-display":"","ast-hfb-above-header-display":"","ast-hfb-below-header-display":"","ast-hfb-mobile-header-display":"","site-post-title":"disabled","ast-breadcrumbs-content":"","ast-featured-img":"disabled","footer-sml-layout":"","ast-disable-related-posts":"","theme-transparent-header-meta":"","adv-header-id-meta":"","stick-header-meta":"","header-above-stick-meta":"","header-main-stick-meta":"","header-below-stick-meta":"","astra-migrate-meta-layouts":"default","ast-page-background-enabled":"default","ast-page-background-meta":{"desktop":{"background-color":"var(--ast-global-color-4)","background-image":"","background-repeat":"repeat","background-position":"center center","background-size":"auto","background-attachment":"scroll","background-type":"","background-media":"","overlay-type":"","overlay-color":"","overlay-opacity":"","overlay-gradient":""},"tablet":{"background-color":"","background-image":"","background-repeat":"repeat","background-position":"center center","background-size":"auto","background-attachment":"scroll","background-type":"","background-media":"","overlay-type":"","overlay-color":"","overlay-opacity":"","overlay-gradient":""},"mobile":{"background-color":"","background-image":"","background-repeat":"repeat","background-position":"center center","background-size":"auto","background-attachment":"scroll","background-type":"","background-media":"","overlay-type":"","overlay-color":"","overlay-opacity":"","overlay-gradient":""}},"ast-content-background-meta":{"desktop":{"background-color":"var(--ast-global-color-5)","background-image":"","background-repeat":"repeat","background-position":"center center","background-size":"auto","background-attachment":"scroll","background-type":"","background-media":"","overlay-type":"","overlay-color":"","overlay-opacity":"","overlay-gradient":""},"tablet":{"background-color":"var(--ast-global-color-5)","background-image":"","background-repeat":"repeat","background-position":"center center","background-size":"auto","background-attachment":"scroll","background-type":"","background-media":"","overlay-type":"","overlay-color":"","overlay-opacity":"","overlay-gradient":""},"mobile":{"background-color":"var(--ast-global-color-5)","background-image":"","background-repeat":"repeat","background-position":"center center","background-size":"auto","background-attachment":"scroll","background-type":"","background-media":"","overlay-type":"","overlay-color":"","overlay-opacity":"","overlay-gradient":""}},"footnotes":""},"class_list":["post-191","page","type-page","status-publish","hentry"],"yoast_head":"<!-- This site is optimized with the Yoast SEO plugin v26.9 - https:\/\/yoast.com\/product\/yoast-seo-wordpress\/ -->\n<title>Cartas - Churros Manolo<\/title>\n<meta name=\"description\" content=\"Eleg\u00ed seg\u00fan tu preferencia y explor\u00e1 el men\u00fa que te espera. Desayunos, meriendas, almuerzos, cenas, cafeter\u00eda, pasteler\u00eda, churros y m\u00e1s.\" \/>\n<meta name=\"robots\" content=\"index, follow, max-snippet:-1, max-image-preview:large, max-video-preview:-1\" \/>\n<link rel=\"canonical\" href=\"https:\/\/churrosmanolo.com.ar\/test\/cartas\/\" \/>\n<meta property=\"og:locale\" content=\"es_ES\" \/>\n<meta property=\"og:type\" content=\"article\" \/>\n<meta property=\"og:title\" content=\"Cartas - Churros Manolo\" \/>\n<meta property=\"og:description\" content=\"Eleg\u00ed seg\u00fan tu preferencia y explor\u00e1 el men\u00fa que te espera. Desayunos, meriendas, almuerzos, cenas, cafeter\u00eda, pasteler\u00eda, churros y m\u00e1s.\" \/>\n<meta property=\"og:url\" content=\"https:\/\/churrosmanolo.com.ar\/test\/cartas\/\" \/>\n<meta property=\"og:site_name\" content=\"Churros Manolo\" \/>\n<meta property=\"article:publisher\" content=\"https:\/\/www.facebook.com\/ManoloMardelplata\/\" \/>\n<meta property=\"article:modified_time\" content=\"2025-01-16T22:41:00+00:00\" \/>\n<meta property=\"og:image\" content=\"https:\/\/churrosmanolo.com.ar\/test\/wp-content\/uploads\/2024\/12\/Recurso-1.webp\" \/>\n\t<meta property=\"og:image:width\" content=\"501\" \/>\n\t<meta property=\"og:image:height\" content=\"187\" \/>\n\t<meta property=\"og:image:type\" content=\"image\/webp\" \/>\n<meta name=\"twitter:card\" content=\"summary_large_image\" \/>\n<meta name=\"twitter:label1\" content=\"Tiempo de lectura\" \/>\n\t<meta name=\"twitter:data1\" content=\"1 minuto\" \/>\n<script type=\"application\/ld+json\" class=\"yoast-schema-graph\">{\"@context\":\"https:\/\/schema.org\",\"@graph\":[{\"@type\":\"WebPage\",\"@id\":\"https:\/\/churrosmanolo.com.ar\/test\/cartas\/\",\"url\":\"https:\/\/churrosmanolo.com.ar\/test\/cartas\/\",\"name\":\"Cartas - Churros Manolo\",\"isPartOf\":{\"@id\":\"https:\/\/churrosmanolo.com.ar\/test\/#website\"},\"datePublished\":\"2024-12-26T19:18:15+00:00\",\"dateModified\":\"2025-01-16T22:41:00+00:00\",\"description\":\"Eleg\u00ed seg\u00fan tu preferencia y explor\u00e1 el men\u00fa que te espera. Desayunos, meriendas, almuerzos, cenas, cafeter\u00eda, pasteler\u00eda, churros y m\u00e1s.\",\"breadcrumb\":{\"@id\":\"https:\/\/churrosmanolo.com.ar\/test\/cartas\/#breadcrumb\"},\"inLanguage\":\"es\",\"potentialAction\":[{\"@type\":\"ReadAction\",\"target\":[\"https:\/\/churrosmanolo.com.ar\/test\/cartas\/\"]}]},{\"@type\":\"BreadcrumbList\",\"@id\":\"https:\/\/churrosmanolo.com.ar\/test\/cartas\/#breadcrumb\",\"itemListElement\":[{\"@type\":\"ListItem\",\"position\":1,\"name\":\"Portada\",\"item\":\"https:\/\/churrosmanolo.com.ar\/test\/\"},{\"@type\":\"ListItem\",\"position\":2,\"name\":\"Cartas\"}]},{\"@type\":\"WebSite\",\"@id\":\"https:\/\/churrosmanolo.com.ar\/test\/#website\",\"url\":\"https:\/\/churrosmanolo.com.ar\/test\/\",\"name\":\"Churros Manolo\",\"description\":\"Churros Manolo Mar del Plata\",\"publisher\":{\"@id\":\"https:\/\/churrosmanolo.com.ar\/test\/#organization\"},\"alternateName\":\"Manolo\",\"potentialAction\":[{\"@type\":\"SearchAction\",\"target\":{\"@type\":\"EntryPoint\",\"urlTemplate\":\"https:\/\/churrosmanolo.com.ar\/test\/?s={search_term_string}\"},\"query-input\":{\"@type\":\"PropertyValueSpecification\",\"valueRequired\":true,\"valueName\":\"search_term_string\"}}],\"inLanguage\":\"es\"},{\"@type\":\"Organization\",\"@id\":\"https:\/\/churrosmanolo.com.ar\/test\/#organization\",\"name\":\"Churros Manolo\",\"url\":\"https:\/\/churrosmanolo.com.ar\/test\/\",\"logo\":{\"@type\":\"ImageObject\",\"inLanguage\":\"es\",\"@id\":\"https:\/\/churrosmanolo.com.ar\/test\/#\/schema\/logo\/image\/\",\"url\":\"https:\/\/churrosmanolo.com.ar\/test\/wp-content\/uploads\/2024\/12\/Recurso-1.webp\",\"contentUrl\":\"https:\/\/churrosmanolo.com.ar\/test\/wp-content\/uploads\/2024\/12\/Recurso-1.webp\",\"width\":501,\"height\":187,\"caption\":\"Churros Manolo\"},\"image\":{\"@id\":\"https:\/\/churrosmanolo.com.ar\/test\/#\/schema\/logo\/image\/\"},\"sameAs\":[\"https:\/\/www.facebook.com\/ManoloMardelplata\/\",\"https:\/\/www.instagram.com\/churrosmanolo_mardel\/\"]}]}<\/script>\n<!-- \/ Yoast SEO plugin. -->","yoast_head_json":{"title":"Cartas - Churros Manolo","description":"Eleg\u00ed seg\u00fan tu preferencia y explor\u00e1 el men\u00fa que te espera. Desayunos, meriendas, almuerzos, cenas, cafeter\u00eda, pasteler\u00eda, churros y m\u00e1s.","robots":{"index":"index","follow":"follow","max-snippet":"max-snippet:-1","max-image-preview":"max-image-preview:large","max-video-preview":"max-video-preview:-1"},"canonical":"https:\/\/churrosmanolo.com.ar\/test\/cartas\/","og_locale":"es_ES","og_type":"article","og_title":"Cartas - Churros Manolo","og_description":"Eleg\u00ed seg\u00fan tu preferencia y explor\u00e1 el men\u00fa que te espera. Desayunos, meriendas, almuerzos, cenas, cafeter\u00eda, pasteler\u00eda, churros y m\u00e1s.","og_url":"https:\/\/churrosmanolo.com.ar\/test\/cartas\/","og_site_name":"Churros Manolo","article_publisher":"https:\/\/www.facebook.com\/ManoloMardelplata\/","article_modified_time":"2025-01-16T22:41:00+00:00","og_image":[{"width":501,"height":187,"url":"https:\/\/churrosmanolo.com.ar\/test\/wp-content\/uploads\/2024\/12\/Recurso-1.webp","type":"image\/webp"}],"twitter_card":"summary_large_image","twitter_misc":{"Tiempo de lectura":"1 minuto"},"schema":{"@context":"https:\/\/schema.org","@graph":[{"@type":"WebPage","@id":"https:\/\/churrosmanolo.com.ar\/test\/cartas\/","url":"https:\/\/churrosmanolo.com.ar\/test\/cartas\/","name":"Cartas - Churros Manolo","isPartOf":{"@id":"https:\/\/churrosmanolo.com.ar\/test\/#website"},"datePublished":"2024-12-26T19:18:15+00:00","dateModified":"2025-01-16T22:41:00+00:00","description":"Eleg\u00ed seg\u00fan tu preferencia y explor\u00e1 el men\u00fa que te espera. Desayunos, meriendas, almuerzos, cenas, cafeter\u00eda, pasteler\u00eda, churros y m\u00e1s.","breadcrumb":{"@id":"https:\/\/churrosmanolo.com.ar\/test\/cartas\/#breadcrumb"},"inLanguage":"es","potentialAction":[{"@type":"ReadAction","target":["https:\/\/churrosmanolo.com.ar\/test\/cartas\/"]}]},{"@type":"BreadcrumbList","@id":"https:\/\/churrosmanolo.com.ar\/test\/cartas\/#breadcrumb","itemListElement":[{"@type":"ListItem","position":1,"name":"Portada","item":"https:\/\/churrosmanolo.com.ar\/test\/"},{"@type":"ListItem","position":2,"name":"Cartas"}]},{"@type":"WebSite","@id":"https:\/\/churrosmanolo.com.ar\/test\/#website","url":"https:\/\/churrosmanolo.com.ar\/test\/","name":"Churros Manolo","description":"Churros Manolo Mar del Plata","publisher":{"@id":"https:\/\/churrosmanolo.com.ar\/test\/#organization"},"alternateName":"Manolo","potentialAction":[{"@type":"SearchAction","target":{"@type":"EntryPoint","urlTemplate":"https:\/\/churrosmanolo.com.ar\/test\/?s={search_term_string}"},"query-input":{"@type":"PropertyValueSpecification","valueRequired":true,"valueName":"search_term_string"}}],"inLanguage":"es"},{"@type":"Organization","@id":"https:\/\/churrosmanolo.com.ar\/test\/#organization","name":"Churros Manolo","url":"https:\/\/churrosmanolo.com.ar\/test\/","logo":{"@type":"ImageObject","inLanguage":"es","@id":"https:\/\/churrosmanolo.com.ar\/test\/#\/schema\/logo\/image\/","url":"https:\/\/churrosmanolo.com.ar\/test\/wp-content\/uploads\/2024\/12\/Recurso-1.webp","contentUrl":"https:\/\/churrosmanolo.com.ar\/test\/wp-content\/uploads\/2024\/12\/Recurso-1.webp","width":501,"height":187,"caption":"Churros Manolo"},"image":{"@id":"https:\/\/churrosmanolo.com.ar\/test\/#\/schema\/logo\/image\/"},"sameAs":["https:\/\/www.facebook.com\/ManoloMardelplata\/","https:\/\/www.instagram.com\/churrosmanolo_mardel\/"]}]}},"_links":{"self":[{"href":"https:\/\/churrosmanolo.com.ar\/test\/wp-json\/wp\/v2\/pages\/191","targetHints":{"allow":["GET"]}}],"collection":[{"href":"https:\/\/churrosmanolo.com.ar\/test\/wp-json\/wp\/v2\/pages"}],"about":[{"href":"https:\/\/churrosmanolo.com.ar\/test\/wp-json\/wp\/v2\/types\/page"}],"author":[{"embeddable":true,"href":"https:\/\/churrosmanolo.com.ar\/test\/wp-json\/wp\/v2\/users\/2"}],"replies":[{"embeddable":true,"href":"https:\/\/churrosmanolo.com.ar\/test\/wp-json\/wp\/v2\/comments?post=191"}],"version-history":[{"count":34,"href":"https:\/\/churrosmanolo.com.ar\/test\/wp-json\/wp\/v2\/pages\/191\/revisions"}],"predecessor-version":[{"id":912,"href":"https:\/\/churrosmanolo.com.ar\/test\/wp-json\/wp\/v2\/pages\/191\/revisions\/912"}],"wp:attachment":[{"href":"https:\/\/churrosmanolo.com.ar\/test\/wp-json\/wp\/v2\/media?parent=191"}],"curies":[{"name":"wp","href":"https:\/\/api.w.org\/{rel}","templated":true}]}}